{"id":44,"date":"2020-10-04T08:52:13","date_gmt":"2020-10-04T08:52:13","guid":{"rendered":"https:\/\/waerchwaelt.ch\/?page_id=44"},"modified":"2021-03-16T10:48:29","modified_gmt":"2021-03-16T10:48:29","slug":"angebot","status":"publish","type":"page","link":"https:\/\/waerchwaelt.ch\/index.php\/angebot\/","title":{"rendered":"sortim\u00e4nt&#8230;"},"content":{"rendered":"\n<p>D Prise sind abh\u00e4ngig vom verw\u00e4ndete Material &#8211; i de Regel beweged si sich zw\u00fcsche 25.00 und 40.00 Franke inklusive sch\u00f6ner Gsch\u00e4nkverpackig (zzgl. Versand).  <\/p>\n\n\n\n<p>Teilet mir via <a href=\"&#x6d;a&#x69;&#108;&#x74;&#111;:&#x63;o&#x6e;&#105;&#x40;&#119;a&#x65;&#114;&#x63;&#104;w&#x61;e&#x6c;&#116;&#x2e;&#99;h\">email <\/a>euri W\u00fcnsch mit und ich mache euch g\u00e4rn en Offerte.<\/p>\n\n\n\n<p><\/p>\n\n\n\n<figure class=\"wp-block-image size-large is-resized\"><img loading=\"lazy\" decoding=\"async\" src=\"https:\/\/waerchwaelt.ch\/wp-content\/uploads\/2021\/03\/WhatsApp-Image-2021-02-11-at-07.38.47-4-1-768x1024.jpeg\" alt=\"\" class=\"wp-image-225\" width=\"252\" height=\"336\" srcset=\"https:\/\/waerchwaelt.ch\/wp-content\/uploads\/2021\/03\/WhatsApp-Image-2021-02-11-at-07.38.47-4-1-768x1024.jpeg 768w, https:\/\/waerchwaelt.ch\/wp-content\/uploads\/2021\/03\/WhatsApp-Image-2021-02-11-at-07.38.47-4-1-225x300.jpeg 225w, https:\/\/waerchwaelt.ch\/wp-content\/uploads\/2021\/03\/WhatsApp-Image-2021-02-11-at-07.38.47-4-1.jpeg 1080w\" sizes=\"auto, (max-width: 252px) 100vw, 252px\" \/><figcaption><a href=\"https:\/\/waerchwaelt.ch\/index.php\/musigspieldose\/\" data-type=\"page\" data-id=\"215\">musigspieldose<\/a><\/figcaption><\/figure>\n\n\n\n<figure class=\"wp-block-image size-large is-resized\"><img loading=\"lazy\" decoding=\"async\" src=\"https:\/\/waerchwaelt.ch\/wp-content\/uploads\/2021\/03\/WhatsApp-Image-2021-02-11-at-07.38.47-2-2-768x1024.jpeg\" alt=\"\" class=\"wp-image-266\" width=\"253\" height=\"337\" srcset=\"https:\/\/waerchwaelt.ch\/wp-content\/uploads\/2021\/03\/WhatsApp-Image-2021-02-11-at-07.38.47-2-2-768x1024.jpeg 768w, https:\/\/waerchwaelt.ch\/wp-content\/uploads\/2021\/03\/WhatsApp-Image-2021-02-11-at-07.38.47-2-2-225x300.jpeg 225w, https:\/\/waerchwaelt.ch\/wp-content\/uploads\/2021\/03\/WhatsApp-Image-2021-02-11-at-07.38.47-2-2-1152x1536.jpeg 1152w, https:\/\/waerchwaelt.ch\/wp-content\/uploads\/2021\/03\/WhatsApp-Image-2021-02-11-at-07.38.47-2-2.jpeg 1512w\" sizes=\"auto, (max-width: 253px) 100vw, 253px\" \/><figcaption><a href=\"https:\/\/waerchwaelt.ch\/index.php\/kuscheltueechli\/\" data-type=\"page\" data-id=\"260\">kuschelt\u00fcechli<\/a><\/figcaption><\/figure>\n\n\n\n<figure class=\"wp-block-image size-large is-resized\"><img loading=\"lazy\" decoding=\"async\" src=\"https:\/\/waerchwaelt.ch\/wp-content\/uploads\/2021\/03\/WhatsApp-Image-2021-02-11-at-07.39.32-3-768x1024.jpeg\" alt=\"\" class=\"wp-image-273\" width=\"253\" height=\"338\" srcset=\"https:\/\/waerchwaelt.ch\/wp-content\/uploads\/2021\/03\/WhatsApp-Image-2021-02-11-at-07.39.32-3-768x1024.jpeg 768w, https:\/\/waerchwaelt.ch\/wp-content\/uploads\/2021\/03\/WhatsApp-Image-2021-02-11-at-07.39.32-3-225x300.jpeg 225w, https:\/\/waerchwaelt.ch\/wp-content\/uploads\/2021\/03\/WhatsApp-Image-2021-02-11-at-07.39.32-3-1152x1536.jpeg 1152w, https:\/\/waerchwaelt.ch\/wp-content\/uploads\/2021\/03\/WhatsApp-Image-2021-02-11-at-07.39.32-3.jpeg 1512w\" sizes=\"auto, (max-width: 253px) 100vw, 253px\" \/><figcaption><a href=\"https:\/\/waerchwaelt.ch\/index.php\/windelbabys-und-windeltorten\/\" data-type=\"page\" data-id=\"269\">windelbabys und windeltorte<\/a><\/figcaption><\/figure>\n\n\n\n<p><\/p>\n\n\n\n<figure class=\"wp-block-image size-large is-resized\"><img loading=\"lazy\" decoding=\"async\" src=\"https:\/\/waerchwaelt.ch\/wp-content\/uploads\/2020\/10\/e207b9b5-901b-4dd3-b7fc-86dd86739eb3-768x1024.jpg\" alt=\"\" class=\"wp-image-156\" width=\"250\" height=\"333\" srcset=\"https:\/\/waerchwaelt.ch\/wp-content\/uploads\/2020\/10\/e207b9b5-901b-4dd3-b7fc-86dd86739eb3-768x1024.jpg 768w, https:\/\/waerchwaelt.ch\/wp-content\/uploads\/2020\/10\/e207b9b5-901b-4dd3-b7fc-86dd86739eb3-225x300.jpg 225w, https:\/\/waerchwaelt.ch\/wp-content\/uploads\/2020\/10\/e207b9b5-901b-4dd3-b7fc-86dd86739eb3-1152x1536.jpg 1152w, https:\/\/waerchwaelt.ch\/wp-content\/uploads\/2020\/10\/e207b9b5-901b-4dd3-b7fc-86dd86739eb3.jpg 1536w\" sizes=\"auto, (max-width: 250px) 100vw, 250px\" \/><figcaption><a href=\"https:\/\/waerchwaelt.ch\/index.php\/nuggichetteli\/\">nuggichetteli<\/a><\/figcaption><\/figure>\n\n\n\n<figure class=\"wp-block-image size-large is-resized\"><img loading=\"lazy\" decoding=\"async\" src=\"https:\/\/waerchwaelt.ch\/wp-content\/uploads\/2020\/10\/ff2ffea9-3224-4296-9ca1-c34381efbd53-768x1024.jpg\" alt=\"\" class=\"wp-image-159\" width=\"254\" height=\"338\" srcset=\"https:\/\/waerchwaelt.ch\/wp-content\/uploads\/2020\/10\/ff2ffea9-3224-4296-9ca1-c34381efbd53-768x1024.jpg 768w, https:\/\/waerchwaelt.ch\/wp-content\/uploads\/2020\/10\/ff2ffea9-3224-4296-9ca1-c34381efbd53-225x300.jpg 225w, https:\/\/waerchwaelt.ch\/wp-content\/uploads\/2020\/10\/ff2ffea9-3224-4296-9ca1-c34381efbd53.jpg 1536w\" sizes=\"auto, (max-width: 254px) 100vw, 254px\" \/><figcaption><a href=\"https:\/\/waerchwaelt.ch\/index.php\/bissringli\/\">bissringli<\/a><\/figcaption><\/figure>\n\n\n\n<figure class=\"wp-block-image size-large is-resized\"><img loading=\"lazy\" decoding=\"async\" src=\"https:\/\/waerchwaelt.ch\/wp-content\/uploads\/2020\/10\/9cad11ea-4f3c-4537-819a-e1c910bcde35-768x1024.jpg\" alt=\"\" class=\"wp-image-144\" width=\"248\" height=\"330\" srcset=\"https:\/\/waerchwaelt.ch\/wp-content\/uploads\/2020\/10\/9cad11ea-4f3c-4537-819a-e1c910bcde35-768x1024.jpg 768w, https:\/\/waerchwaelt.ch\/wp-content\/uploads\/2020\/10\/9cad11ea-4f3c-4537-819a-e1c910bcde35-225x300.jpg 225w, https:\/\/waerchwaelt.ch\/wp-content\/uploads\/2020\/10\/9cad11ea-4f3c-4537-819a-e1c910bcde35-1152x1536.jpg 1152w, https:\/\/waerchwaelt.ch\/wp-content\/uploads\/2020\/10\/9cad11ea-4f3c-4537-819a-e1c910bcde35.jpg 1536w\" sizes=\"auto, (max-width: 248px) 100vw, 248px\" \/><figcaption><a href=\"https:\/\/waerchwaelt.ch\/index.php\/zwei-in-eins\/\" data-type=\"page\" data-id=\"138\">zwei in eins<\/a><\/figcaption><\/figure>\n\n\n\n<figure class=\"wp-block-image size-large is-resized\"><a href=\"https:\/\/waerchwaelt.ch\/index.php\/chetteli-und-stillchetteli\/\"><img loading=\"lazy\" decoding=\"async\" src=\"https:\/\/waerchwaelt.ch\/wp-content\/uploads\/2020\/10\/IMG_0651-1-768x1024.jpg\" alt=\"\" class=\"wp-image-109\" width=\"241\" height=\"321\" srcset=\"https:\/\/waerchwaelt.ch\/wp-content\/uploads\/2020\/10\/IMG_0651-1-768x1024.jpg 768w, https:\/\/waerchwaelt.ch\/wp-content\/uploads\/2020\/10\/IMG_0651-1-225x300.jpg 225w, https:\/\/waerchwaelt.ch\/wp-content\/uploads\/2020\/10\/IMG_0651-1-1152x1536.jpg 1152w, https:\/\/waerchwaelt.ch\/wp-content\/uploads\/2020\/10\/IMG_0651-1.jpg 1536w\" sizes=\"auto, (max-width: 241px) 100vw, 241px\" \/><\/a><figcaption><a href=\"https:\/\/waerchwaelt.ch\/index.php\/chetteli-und-stillchetteli\/\" data-type=\"page\" data-id=\"166\">chetteli<\/a><\/figcaption><\/figure>\n\n\n\n<figure class=\"wp-block-image size-large is-resized\"><img loading=\"lazy\" decoding=\"async\" src=\"https:\/\/waerchwaelt.ch\/wp-content\/uploads\/2020\/10\/G-768x1024.jpg\" alt=\"\" class=\"wp-image-195\" width=\"248\" height=\"330\" srcset=\"https:\/\/waerchwaelt.ch\/wp-content\/uploads\/2020\/10\/G-768x1024.jpg 768w, https:\/\/waerchwaelt.ch\/wp-content\/uploads\/2020\/10\/G-225x300.jpg 225w, https:\/\/waerchwaelt.ch\/wp-content\/uploads\/2020\/10\/G-1152x1536.jpg 1152w, https:\/\/waerchwaelt.ch\/wp-content\/uploads\/2020\/10\/G.jpg 1512w\" sizes=\"auto, (max-width: 248px) 100vw, 248px\" \/><figcaption><a href=\"https:\/\/waerchwaelt.ch\/index.php\/grifferli\/\" data-type=\"page\" data-id=\"192\">grifferli<\/a><\/figcaption><\/figure>\n\n\n\n<figure class=\"wp-block-image size-large is-resized\"><img loading=\"lazy\" decoding=\"async\" src=\"https:\/\/waerchwaelt.ch\/wp-content\/uploads\/2020\/10\/SA2-768x1024.jpg\" alt=\"\" class=\"wp-image-199\" width=\"248\" height=\"329\"\/><figcaption><a href=\"https:\/\/waerchwaelt.ch\/index.php\/schluesselahaenger\/\" data-type=\"page\" data-id=\"197\">schl\u00fcsselah\u00e4nger<\/a><\/figcaption><\/figure>\n\n\n\n<figure class=\"wp-block-image size-large is-resized\"><img loading=\"lazy\" decoding=\"async\" src=\"https:\/\/waerchwaelt.ch\/wp-content\/uploads\/2020\/10\/14577d6c-77b4-4ec7-8279-c3750e8dff2d-768x1024.jpg\" alt=\"\" class=\"wp-image-101\" width=\"247\" height=\"329\" srcset=\"https:\/\/waerchwaelt.ch\/wp-content\/uploads\/2020\/10\/14577d6c-77b4-4ec7-8279-c3750e8dff2d-768x1024.jpg 768w, https:\/\/waerchwaelt.ch\/wp-content\/uploads\/2020\/10\/14577d6c-77b4-4ec7-8279-c3750e8dff2d-225x300.jpg 225w, https:\/\/waerchwaelt.ch\/wp-content\/uploads\/2020\/10\/14577d6c-77b4-4ec7-8279-c3750e8dff2d-1152x1536.jpg 1152w, https:\/\/waerchwaelt.ch\/wp-content\/uploads\/2020\/10\/14577d6c-77b4-4ec7-8279-c3750e8dff2d.jpg 1536w\" sizes=\"auto, (max-width: 247px) 100vw, 247px\" \/><figcaption><a href=\"https:\/\/waerchwaelt.ch\/index.php\/und-so-wirds-verpackt\/\" data-type=\"page\" data-id=\"178\">und so wirds verpackt<\/a><\/figcaption><\/figure>\n\n\n\n<figure class=\"wp-block-image size-large is-resized\"><img loading=\"lazy\" decoding=\"async\" src=\"https:\/\/waerchwaelt.ch\/wp-content\/uploads\/2020\/10\/WT2-768x1024.jpg\" alt=\"\" class=\"wp-image-206\" width=\"245\" height=\"326\" srcset=\"https:\/\/waerchwaelt.ch\/wp-content\/uploads\/2020\/10\/WT2-768x1024.jpg 768w, https:\/\/waerchwaelt.ch\/wp-content\/uploads\/2020\/10\/WT2-225x300.jpg 225w, https:\/\/waerchwaelt.ch\/wp-content\/uploads\/2020\/10\/WT2-1152x1536.jpg 1152w, https:\/\/waerchwaelt.ch\/wp-content\/uploads\/2020\/10\/WT2.jpg 1512w\" sizes=\"auto, (max-width: 245px) 100vw, 245px\" \/><figcaption><a href=\"https:\/\/waerchwaelt.ch\/index.php\/wichteltuerli\/\" data-type=\"page\" data-id=\"126\">wichtelt\u00fcrli<\/a><\/figcaption><\/figure>\n\n\n\n<p><\/p>\n","protected":false},"excerpt":{"rendered":"<p>D Prise sind abh\u00e4ngig vom verw\u00e4ndete Material &#8211; i de Regel beweged si sich zw\u00fcsche 25.00 und 40.00 Franke inklusive sch\u00f6ner Gsch\u00e4nkverpackig (zzgl. Versand). Teilet mir via email euri W\u00fcnsch mit und ich mache euch g\u00e4rn en Offerte.<\/p>\n","protected":false},"author":1,"featured_media":71,"parent":0,"menu_order":0,"comment_status":"closed","ping_status":"closed","template":"","meta":{"footnotes":""},"class_list":["post-44","page","type-page","status-publish","has-post-thumbnail","hentry"],"_links":{"self":[{"href":"https:\/\/waerchwaelt.ch\/index.php\/wp-json\/wp\/v2\/pages\/44","targetHints":{"allow":["GET"]}}],"collection":[{"href":"https:\/\/waerchwaelt.ch\/index.php\/wp-json\/wp\/v2\/pages"}],"about":[{"href":"https:\/\/waerchwaelt.ch\/index.php\/wp-json\/wp\/v2\/types\/page"}],"author":[{"embeddable":true,"href":"https:\/\/waerchwaelt.ch\/index.php\/wp-json\/wp\/v2\/users\/1"}],"replies":[{"embeddable":true,"href":"https:\/\/waerchwaelt.ch\/index.php\/wp-json\/wp\/v2\/comments?post=44"}],"version-history":[{"count":35,"href":"https:\/\/waerchwaelt.ch\/index.php\/wp-json\/wp\/v2\/pages\/44\/revisions"}],"predecessor-version":[{"id":293,"href":"https:\/\/waerchwaelt.ch\/index.php\/wp-json\/wp\/v2\/pages\/44\/revisions\/293"}],"wp:featuredmedia":[{"embeddable":true,"href":"https:\/\/waerchwaelt.ch\/index.php\/wp-json\/wp\/v2\/media\/71"}],"wp:attachment":[{"href":"https:\/\/waerchwaelt.ch\/index.php\/wp-json\/wp\/v2\/media?parent=44"}],"curies":[{"name":"wp","href":"https:\/\/api.w.org\/{rel}","templated":true}]}}