{"id":42,"date":"2020-10-04T08:51:52","date_gmt":"2020-10-04T08:51:52","guid":{"rendered":"https:\/\/waerchwaelt.ch\/?page_id=42"},"modified":"2020-10-11T15:59:38","modified_gmt":"2020-10-11T15:59:38","slug":"ueber-uns","status":"publish","type":"page","link":"https:\/\/waerchwaelt.ch\/index.php\/ueber-uns\/","title":{"rendered":"\u00fcber mich&#8230;"},"content":{"rendered":"\n<p>Min Name isch Coni und ich bin gern kreativ t\u00e4tig. Uf d\u00e4m W\u00e4g bin i zur Herstellig vo Bissringli, Nuggichetteli, Wichteli, wie au Wichtelt\u00fcrli und Engeli mit Glaschugle cho. <\/p>\n\n\n\n<p>Und es wird no vill meh dezue cho \ud83d\ude42<\/p>\n\n\n\n<p><\/p>\n\n\n\n<figure class=\"wp-block-image size-large\"><img loading=\"lazy\" decoding=\"async\" width=\"960\" height=\"720\" src=\"https:\/\/waerchwaelt.ch\/wp-content\/uploads\/2020\/10\/IMG_0652-Kopie.jpg\" alt=\"\" class=\"wp-image-15\" srcset=\"https:\/\/waerchwaelt.ch\/wp-content\/uploads\/2020\/10\/IMG_0652-Kopie.jpg 960w, https:\/\/waerchwaelt.ch\/wp-content\/uploads\/2020\/10\/IMG_0652-Kopie-300x225.jpg 300w, https:\/\/waerchwaelt.ch\/wp-content\/uploads\/2020\/10\/IMG_0652-Kopie-768x576.jpg 768w\" sizes=\"auto, (max-width: 767px) 89vw, (max-width: 1000px) 54vw, (max-width: 1071px) 543px, 580px\" \/><\/figure>\n","protected":false},"excerpt":{"rendered":"<p>Min Name isch Coni und ich bin gern kreativ t\u00e4tig. Uf d\u00e4m W\u00e4g bin i zur Herstellig vo Bissringli, Nuggichetteli, Wichteli, wie au Wichtelt\u00fcrli und Engeli mit Glaschugle cho. Und es wird no vill meh dezue cho \ud83d\ude42<\/p>\n","protected":false},"author":1,"featured_media":0,"parent":0,"menu_order":0,"comment_status":"closed","ping_status":"closed","template":"","meta":{"footnotes":""},"class_list":["post-42","page","type-page","status-publish","hentry"],"_links":{"self":[{"href":"https:\/\/waerchwaelt.ch\/index.php\/wp-json\/wp\/v2\/pages\/42","targetHints":{"allow":["GET"]}}],"collection":[{"href":"https:\/\/waerchwaelt.ch\/index.php\/wp-json\/wp\/v2\/pages"}],"about":[{"href":"https:\/\/waerchwaelt.ch\/index.php\/wp-json\/wp\/v2\/types\/page"}],"author":[{"embeddable":true,"href":"https:\/\/waerchwaelt.ch\/index.php\/wp-json\/wp\/v2\/users\/1"}],"replies":[{"embeddable":true,"href":"https:\/\/waerchwaelt.ch\/index.php\/wp-json\/wp\/v2\/comments?post=42"}],"version-history":[{"count":5,"href":"https:\/\/waerchwaelt.ch\/index.php\/wp-json\/wp\/v2\/pages\/42\/revisions"}],"predecessor-version":[{"id":183,"href":"https:\/\/waerchwaelt.ch\/index.php\/wp-json\/wp\/v2\/pages\/42\/revisions\/183"}],"wp:attachment":[{"href":"https:\/\/waerchwaelt.ch\/index.php\/wp-json\/wp\/v2\/media?parent=42"}],"curies":[{"name":"wp","href":"https:\/\/api.w.org\/{rel}","templated":true}]}}